{"id":43,"date":"2020-07-12T09:11:46","date_gmt":"2020-07-12T09:11:46","guid":{"rendered":"https:\/\/www.prdaigl.bi\/?page_id=43"},"modified":"2020-10-11T06:53:00","modified_gmt":"2020-10-11T06:53:00","slug":"telecharger","status":"publish","type":"page","link":"https:\/\/prdaigl.bi\/?page_id=43","title":{"rendered":"T\u00e9l\u00e9charger"},"content":{"rendered":"<ul>\n<li><a href=\"https:\/\/www.prdaigl.bi\/wp-content\/uploads\/2020\/10\/echo_agricole_1\u00e8re_\u00e9dition.pdf\" target=\"_blank\" rel=\"noopener noreferrer\"><strong>Premi\u00e8re \u00e9dition du magazine &#8220;l&#8217;Echo Agricole&#8221;, un magazine sur les r\u00e9alisations du Minist\u00e8re de l&#8217;Agriculture et de l&#8217;Elevage\u00a0 et r\u00e9alis\u00e9 gr\u00e2ce \u00e0 l&#8217;appui du PRDAIGL<\/strong><\/a><\/li>\n<li>\n<h5><strong><a href=\"https:\/\/www.prdaigl.bi\/wp-content\/uploads\/2020\/07\/MANUEL_MATCHING-GRANT.pdf\" target=\"_blank\" rel=\"noopener noreferrer\">Manuel de Gestion des Financements \u00e0 co\u00fbts partag\u00e9s &#8220;Matching Grants&#8221;.<\/a><\/strong><\/h5>\n<\/li>\n<li>\n<h5><strong><a href=\"https:\/\/www.prdaigl.bi\/wp-content\/uploads\/2020\/07\/Projet-de-billet-de-blog-PRDAIGL.pdf\" target=\"_blank\" rel=\"noopener noreferrer\">Billet de Blog du PRDAIGL<\/a><\/strong><\/h5>\n<\/li>\n<\/ul>\n","protected":false},"excerpt":{"rendered":"<p>Premi\u00e8re \u00e9dition du magazine &#8220;l&#8217;Echo Agricole&#8221;, un magazine sur les r\u00e9alisations du Minist\u00e8re de l&#8217;Agriculture et de l&#8217;Elevage\u00a0 et r\u00e9alis\u00e9 gr\u00e2ce \u00e0 l&#8217;appui du PRDAIGL Manuel de Gestion des Financements \u00e0 co\u00fbts partag\u00e9s &#8220;Matching Grants&#8221;. Billet de Blog du PRDAIGL<\/p>\n","protected":false},"author":1,"featured_media":0,"parent":0,"menu_order":0,"comment_status":"closed","ping_status":"closed","template":"","meta":{"footnotes":""},"_links":{"self":[{"href":"https:\/\/prdaigl.bi\/index.php?rest_route=\/wp\/v2\/pages\/43"}],"collection":[{"href":"https:\/\/prdaigl.bi\/index.php?rest_route=\/wp\/v2\/pages"}],"about":[{"href":"https:\/\/prdaigl.bi\/index.php?rest_route=\/wp\/v2\/types\/page"}],"author":[{"embeddable":true,"href":"https:\/\/prdaigl.bi\/index.php?rest_route=\/wp\/v2\/users\/1"}],"replies":[{"embeddable":true,"href":"https:\/\/prdaigl.bi\/index.php?rest_route=%2Fwp%2Fv2%2Fcomments&post=43"}],"version-history":[{"count":22,"href":"https:\/\/prdaigl.bi\/index.php?rest_route=\/wp\/v2\/pages\/43\/revisions"}],"predecessor-version":[{"id":1044,"href":"https:\/\/prdaigl.bi\/index.php?rest_route=\/wp\/v2\/pages\/43\/revisions\/1044"}],"wp:attachment":[{"href":"https:\/\/prdaigl.bi\/index.php?rest_route=%2Fwp%2Fv2%2Fmedia&parent=43"}],"curies":[{"name":"wp","href":"https:\/\/api.w.org\/{rel}","templated":true}]}}