{"id":39,"date":"2020-07-12T09:10:11","date_gmt":"2020-07-12T09:10:11","guid":{"rendered":"https:\/\/www.prdaigl.bi\/?page_id=39"},"modified":"2020-07-18T07:10:12","modified_gmt":"2020-07-18T07:10:12","slug":"objectifs","status":"publish","type":"page","link":"https:\/\/prdaigl.bi\/?page_id=39","title":{"rendered":"Objectifs"},"content":{"rendered":"<section class=\"wpb-content-wrapper\"><p>[vc_row][vc_column][vc_text_separator title=&#8221;LES OBJECTIFS DE D\u00c9VELOPPEMENT DU PROJET&#8221; color=&#8221;turquoise&#8221; style=&#8221;double&#8221; border_width=&#8221;10&#8243; css_animation=&#8221;zoomInDown&#8221;][\/vc_column][\/vc_row][vc_row][vc_column width=&#8221;1\/2&#8243;][vc_wp_text title=&#8221;LES OBJECTIFS DU PROJET&#8221;]<\/p>\n<p style=\"text-align: justify;\"><img decoding=\"async\" class=\" wp-image-486 alignleft\" src=\"https:\/\/www.prdaigl.bi\/wp-content\/uploads\/2020\/07\/Logo-projet-1-300x300.jpg\" alt=\"\" width=\"189\" height=\"189\" srcset=\"https:\/\/prdaigl.bi\/wp-content\/uploads\/2020\/07\/Logo-projet-1-300x300.jpg 300w, https:\/\/prdaigl.bi\/wp-content\/uploads\/2020\/07\/Logo-projet-1-1024x1022.jpg 1024w, https:\/\/prdaigl.bi\/wp-content\/uploads\/2020\/07\/Logo-projet-1-150x150.jpg 150w, https:\/\/prdaigl.bi\/wp-content\/uploads\/2020\/07\/Logo-projet-1-768x767.jpg 768w, https:\/\/prdaigl.bi\/wp-content\/uploads\/2020\/07\/Logo-projet-1-1536x1533.jpg 1536w, https:\/\/prdaigl.bi\/wp-content\/uploads\/2020\/07\/Logo-projet-1-600x599.jpg 600w, https:\/\/prdaigl.bi\/wp-content\/uploads\/2020\/07\/Logo-projet-1-100x100.jpg 100w, https:\/\/prdaigl.bi\/wp-content\/uploads\/2020\/07\/Logo-projet-1.jpg 1775w\" sizes=\"(max-width: 189px) 100vw, 189px\" \/>Les objectifs de d\u00e9veloppement du projet (ODP) sont :<br \/>\ni) D&#8217;accro\u00eetre la productivit\u00e9 agricole et la commercialisation dans les zones cibl\u00e9es sur le territoire du B\u00e9n\u00e9ficiaire et de renforcer l&#8217;int\u00e9gration r\u00e9gionale dans le domaine agricole ;<br \/>\nii) D\u2019intervenir imm\u00e9diatement et efficacement en cas de crise ou d&#8217;urgence admissible.<\/p>\n<p>[\/vc_wp_text][\/vc_column][vc_column width=&#8221;1\/2&#8243;][vc_wp_text title=&#8221;LES INDICATEURS LIES AUX OBJECTIFS DU PROJET&#8221;]<\/p>\n<p style=\"text-align: justify;\"><img decoding=\"async\" class=\" wp-image-486 alignleft\" src=\"https:\/\/www.prdaigl.bi\/wp-content\/uploads\/2020\/07\/Logo-projet-1-300x300.jpg\" alt=\"\" width=\"171\" height=\"171\" srcset=\"https:\/\/prdaigl.bi\/wp-content\/uploads\/2020\/07\/Logo-projet-1-300x300.jpg 300w, https:\/\/prdaigl.bi\/wp-content\/uploads\/2020\/07\/Logo-projet-1-1024x1022.jpg 1024w, https:\/\/prdaigl.bi\/wp-content\/uploads\/2020\/07\/Logo-projet-1-150x150.jpg 150w, https:\/\/prdaigl.bi\/wp-content\/uploads\/2020\/07\/Logo-projet-1-768x767.jpg 768w, https:\/\/prdaigl.bi\/wp-content\/uploads\/2020\/07\/Logo-projet-1-1536x1533.jpg 1536w, https:\/\/prdaigl.bi\/wp-content\/uploads\/2020\/07\/Logo-projet-1-600x599.jpg 600w, https:\/\/prdaigl.bi\/wp-content\/uploads\/2020\/07\/Logo-projet-1-100x100.jpg 100w, https:\/\/prdaigl.bi\/wp-content\/uploads\/2020\/07\/Logo-projet-1.jpg 1775w\" sizes=\"(max-width: 171px) 100vw, 171px\" \/>Les indicateurs li\u00e9s \u00e0 l\u2019ODP sont les suivants :<br \/>\ni) Les agriculteurs ayant b\u00e9n\u00e9fici\u00e9 de ressources ou de services agricoles (ventil\u00e9s par sexe, nombre),<br \/>\nii) Les rendements annuels moyens des produits cibl\u00e9s (tonnes \u00e0 l\u2019hectare ou litres par vache par an respectivement) ;<br \/>\niii) Le nombre d\u2019\u00e9tablissements agro-industriels r\u00e9habilit\u00e9s ou cr\u00e9\u00e9s avec l&#8217;appui du projet,<br \/>\niv) Le nombre de programmes mis en place pour am\u00e9liorer l&#8217;int\u00e9gration r\u00e9gionale en mati\u00e8re d&#8217;agriculture.<\/p>\n<p>[\/vc_wp_text][\/vc_column][\/vc_row][vc_row][vc_column][vc_text_separator title=&#8221;&#8221; color=&#8221;custom&#8221; style=&#8221;double&#8221; border_width=&#8221;10&#8243; css_animation=&#8221;zoomIn&#8221; accent_color=&#8221;#ffc43a&#8221;][\/vc_column][\/vc_row]<\/p>\n<\/section>","protected":false},"excerpt":{"rendered":"<p>[vc_row][vc_column][vc_text_separator title=&#8221;LES OBJECTIFS DE D\u00c9VELOPPEMENT DU PROJET&#8221; color=&#8221;turquoise&#8221; style=&#8221;double&#8221; border_width=&#8221;10&#8243; css_animation=&#8221;zoomInDown&#8221;][\/vc_column][\/vc_row][vc_row][vc_column width=&#8221;1\/2&#8243;][vc_wp_text title=&#8221;LES OBJECTIFS DU PROJET&#8221;] Les objectifs de d\u00e9veloppement du projet (ODP) sont : i) D&#8217;accro\u00eetre la productivit\u00e9 agricole et la commercialisation dans les zones cibl\u00e9es sur le territoire &hellip; <\/p>\n","protected":false},"author":1,"featured_media":0,"parent":0,"menu_order":0,"comment_status":"closed","ping_status":"closed","template":"","meta":{"footnotes":""},"_links":{"self":[{"href":"https:\/\/prdaigl.bi\/index.php?rest_route=\/wp\/v2\/pages\/39"}],"collection":[{"href":"https:\/\/prdaigl.bi\/index.php?rest_route=\/wp\/v2\/pages"}],"about":[{"href":"https:\/\/prdaigl.bi\/index.php?rest_route=\/wp\/v2\/types\/page"}],"author":[{"embeddable":true,"href":"https:\/\/prdaigl.bi\/index.php?rest_route=\/wp\/v2\/users\/1"}],"replies":[{"embeddable":true,"href":"https:\/\/prdaigl.bi\/index.php?rest_route=%2Fwp%2Fv2%2Fcomments&post=39"}],"version-history":[{"count":7,"href":"https:\/\/prdaigl.bi\/index.php?rest_route=\/wp\/v2\/pages\/39\/revisions"}],"predecessor-version":[{"id":694,"href":"https:\/\/prdaigl.bi\/index.php?rest_route=\/wp\/v2\/pages\/39\/revisions\/694"}],"wp:attachment":[{"href":"https:\/\/prdaigl.bi\/index.php?rest_route=%2Fwp%2Fv2%2Fmedia&parent=39"}],"curies":[{"name":"wp","href":"https:\/\/api.w.org\/{rel}","templated":true}]}}